{"id":3283,"date":"2026-04-02T10:47:43","date_gmt":"2026-04-02T10:47:43","guid":{"rendered":"https:\/\/mconsulting.tn\/?page_id=3283"},"modified":"2026-04-02T15:20:59","modified_gmt":"2026-04-02T15:20:59","slug":"produit","status":"publish","type":"page","link":"https:\/\/mconsulting.tn\/?page_id=3283","title":{"rendered":"Produit"},"content":{"rendered":"<section data-bb-version=\"5.3.6\" id=\"bt_bb_section69d3fc6a95423\"  class=\"bt_bb_section bt_bb_top_spacing_normal bt_bb_layout_boxed_1200 bt_bb_vertical_align_top\" ><div class=\"bt_bb_port\"><div class=\"bt_bb_cell\"><div class=\"bt_bb_cell_inner\"><div data-bb-version=\"5.3.6\" class=\"bt_bb_row \"  data-bt-override-class=\"{}\"><div class=\"bt_bb_row_holder\" ><div data-bb-version=\"5.3.6\"  class=\"bt_bb_column col-xl-4 col-xs-12 col-sm-12 col-md-12 col-lg-4 bt_bb_align_left bt_bb_vertical_align_top bt_bb_animation_no_animation,;,,;,,;,,;,,;, animate bt_bb_padding_normal\"  data-width=\"4\" data-bt-override-class=\"{&quot;bt_bb_align_&quot;:{&quot;current_class&quot;:&quot;bt_bb_align_left&quot;,&quot;xxl&quot;:&quot;left&quot;}}\"><div class=\"bt_bb_column_content\"><div data-bb-version=\"5.3.6\" class=\"bt_bb_image bt_bb_shape_square bt_bb_target_self bt_bb_align_inherit bt_bb_hover_style_simple bt_bb_content_display_always bt_bb_content_align_middle bt_bb_fill_background_color_full\" data-bt-override-class=\"{&quot;bt_bb_align_&quot;:{&quot;current_class&quot;:&quot;bt_bb_align_inherit&quot;,&quot;xxl&quot;:&quot;inherit&quot;},&quot;bt_bb_content_display_&quot;:{&quot;current_class&quot;:&quot;bt_bb_content_display_always&quot;,&quot;xxl&quot;:&quot;always&quot;},&quot;bt_bb_animation_&quot;:{&quot;current_class&quot;:&quot;bt_bb_animation_no_animation&quot;,&quot;xxl&quot;:&quot;no_animation&quot;}}\"><span><img loading=\"lazy\" decoding=\"async\" width=\"1901\" height=\"679\" src=\"https:\/\/mconsulting.tn\/wp-content\/uploads\/2026\/04\/Plan-de-travail-1-copie.jpg.jpeg\" class=\"attachment-full size-full\" alt=\"https:\/\/mconsulting.tn\/wp-content\/uploads\/2026\/04\/Plan-de-travail-1-copie.jpg.jpeg\" data-full_image_src=\"https:\/\/mconsulting.tn\/wp-content\/uploads\/2026\/04\/Plan-de-travail-1-copie.jpg.jpeg\" title=\"Plan de travail 1 copie.jpg\" \/><\/span><\/div><div data-bb-version=\"5.3.6\" class=\"bt_bb_separator\" data-bt-override-class=\"null\"><\/div><div data-bb-version=\"5.3.6\"  class=\"bt_bb_text\" ><\/p>\n<p class=\"ds-markdown-paragraph\"><strong>KAISSE : Conformit\u00e9 fiscale &amp; digitalisation pour les \u00e9tablissements tunisiens HORECA<\/strong><\/p>\n<p class=\"ds-markdown-paragraph\">KAISSE est une solution de caisse enregistreuse 100% tunisienne, con\u00e7ue sp\u00e9cifiquement pour les \u00e9tablissements H\u00f4tels, Restaurants et Caf\u00e9s. Elle garantit une conformit\u00e9 totale avec la r\u00e9glementation fiscale tunisienne tout en aidant les professionnels \u00e0 digitaliser leurs op\u00e9rations quotidiennes.<\/p>\n<p class=\"ds-markdown-paragraph\"><strong>Points cl\u00e9s :<\/strong><\/p>\n<ul>\n<li>\n<p class=\"ds-markdown-paragraph\">Adapt\u00e9e aux sp\u00e9cificit\u00e9s du march\u00e9 local<\/p>\n<\/li>\n<li>\n<p class=\"ds-markdown-paragraph\">Conformit\u00e9 fiscale en temps r\u00e9el<\/p>\n<\/li>\n<li>\n<p class=\"ds-markdown-paragraph\">Innovation continue et s\u00e9curit\u00e9 logicielle<\/p>\n<\/li>\n<li>\n<p class=\"ds-markdown-paragraph\">Support local disponible 24\/7 et formation personnalis\u00e9e<\/p>\n<\/li>\n<\/ul>\n<p>\n<\/div><div data-bb-version=\"5.3.6\" class=\"bt_bb_separator\" data-bt-override-class=\"null\"><\/div><div data-bb-version=\"5.3.6\" class=\"bt_bb_button bt_bb_icon_position_left bt_bb_style_outline bt_bb_size_small bt_bb_width_inline bt_bb_shape_inherit bt_bb_target_self bt_bb_text_transform_inherit bt_bb_align_center\" data-bt-override-class=\"{&quot;bt_bb_size_&quot;:{&quot;current_class&quot;:&quot;bt_bb_size_small&quot;,&quot;xxl&quot;:&quot;small&quot;},&quot;bt_bb_align_&quot;:{&quot;current_class&quot;:&quot;bt_bb_align_center&quot;,&quot;xxl&quot;:&quot;center&quot;},&quot;bt_bb_animation_&quot;:{&quot;current_class&quot;:&quot;bt_bb_animation_no_animation&quot;,&quot;xxl&quot;:&quot;no_animation&quot;}}\"><a href=\"https:\/\/kaisse.tn\/index.html\" target=\"_self\" class=\"bt_bb_link\" title=\"Explorer KAISSE\"><span class=\"bt_bb_button_text\" >Explorer KAISSE<\/span><span  data-ico-fontawesome=\"&#xf061;\" class=\"bt_bb_icon_holder\"><\/span><\/a><\/div><\/div><\/div><div data-bb-version=\"5.3.6\"  class=\"bt_bb_column col-xl-4 col-xs-12 col-sm-12 col-md-12 col-lg-4 bt_bb_align_left bt_bb_vertical_align_top bt_bb_padding_normal\"  data-width=\"4\" data-bt-override-class=\"{}\"><div class=\"bt_bb_column_content\"><div data-bb-version=\"5.3.6\" class=\"bt_bb_image bt_bb_shape_square bt_bb_target_self bt_bb_align_inherit bt_bb_hover_style_simple bt_bb_content_display_always bt_bb_content_align_middle bt_bb_fill_background_color_full\" data-bt-override-class=\"{&quot;bt_bb_align_&quot;:{&quot;current_class&quot;:&quot;bt_bb_align_inherit&quot;,&quot;xxl&quot;:&quot;inherit&quot;},&quot;bt_bb_content_display_&quot;:{&quot;current_class&quot;:&quot;bt_bb_content_display_always&quot;,&quot;xxl&quot;:&quot;always&quot;},&quot;bt_bb_animation_&quot;:{&quot;current_class&quot;:&quot;bt_bb_animation_no_animation&quot;,&quot;xxl&quot;:&quot;no_animation&quot;}}\"><span><img loading=\"lazy\" decoding=\"async\" width=\"1901\" height=\"679\" src=\"https:\/\/mconsulting.tn\/wp-content\/uploads\/2026\/04\/Plan-de-travail-1-copie-2.jpg.jpeg\" class=\"attachment-full size-full\" alt=\"https:\/\/mconsulting.tn\/wp-content\/uploads\/2026\/04\/Plan-de-travail-1-copie-2.jpg.jpeg\" data-full_image_src=\"https:\/\/mconsulting.tn\/wp-content\/uploads\/2026\/04\/Plan-de-travail-1-copie-2.jpg.jpeg\" title=\"Plan de travail 1 copie 2.jpg\" \/><\/span><\/div><div data-bb-version=\"5.3.6\" class=\"bt_bb_separator\" data-bt-override-class=\"null\"><\/div><div data-bb-version=\"5.3.6\"  class=\"bt_bb_text\" ><\/p>\n<p class=\"ds-markdown-paragraph\"><strong>TRUSTLINK : Plateforme tout-en-un pour la gestion SAV, facturation, RH terrain &amp; reporting<\/strong><\/p>\n<p class=\"ds-markdown-paragraph\">TRUSTLINK est une plateforme centralis\u00e9e qui permet aux \u00e9quipes terrain et management de g\u00e9rer, suivre et optimiser l&rsquo;ensemble de leurs op\u00e9rations : SAV, facturation, diagnostics t\u00e9l\u00e9phoniques, RH, planning techniciens et tableaux de bord.<\/p>\n<p class=\"ds-markdown-paragraph\"><strong>Points cl\u00e9s :<\/strong><\/p>\n<ul>\n<li>\n<p class=\"ds-markdown-paragraph\">Gestion SAV compl\u00e8te : planning intelligent, signature \u00e9lectronique, rapports d&rsquo;intervention personnalis\u00e9s<\/p>\n<\/li>\n<li>\n<p class=\"ds-markdown-paragraph\">Facturation fluide : devis \u2192 validation client \u2192 bon de remplacement \u2192 facture<\/p>\n<\/li>\n<li>\n<p class=\"ds-markdown-paragraph\">Module RH terrain : affectation des missions, cong\u00e9s, disponibilit\u00e9s, suivi des heures<\/p>\n<\/li>\n<li>\n<p class=\"ds-markdown-paragraph\">Diagnostic t\u00e9l\u00e9phonique int\u00e9gr\u00e9 : r\u00e9duction des d\u00e9placements inutiles et des annulations<\/p>\n<\/li>\n<li>\n<p class=\"ds-markdown-paragraph\">Tableaux de bord &amp; reporting : KPIs SAV, suivi RH, rapports exportables<\/p>\n<\/li>\n<\/ul>\n<p>\n<\/div><div data-bb-version=\"5.3.6\" class=\"bt_bb_separator\" data-bt-override-class=\"null\"><\/div><div data-bb-version=\"5.3.6\" class=\"bt_bb_button bt_bb_icon_position_left bt_bb_style_outline bt_bb_size_small bt_bb_width_inline bt_bb_shape_inherit bt_bb_target_self bt_bb_text_transform_inherit bt_bb_align_center\" data-bt-override-class=\"{&quot;bt_bb_size_&quot;:{&quot;current_class&quot;:&quot;bt_bb_size_small&quot;,&quot;xxl&quot;:&quot;small&quot;},&quot;bt_bb_align_&quot;:{&quot;current_class&quot;:&quot;bt_bb_align_center&quot;,&quot;xxl&quot;:&quot;center&quot;},&quot;bt_bb_animation_&quot;:{&quot;current_class&quot;:&quot;bt_bb_animation_no_animation&quot;,&quot;xxl&quot;:&quot;no_animation&quot;}}\"><a href=\"https:\/\/trustlinksav.com\/\" target=\"_self\" class=\"bt_bb_link\" title=\"Explorer TRUSTLINK \"><span class=\"bt_bb_button_text\" >Explorer TRUSTLINK <\/span><span  data-ico-fontawesome=\"&#xf061;\" class=\"bt_bb_icon_holder\"><\/span><\/a><\/div><\/div><\/div><div data-bb-version=\"5.3.6\"  class=\"bt_bb_column col-xl-4 col-xs-12 col-sm-12 col-md-12 col-lg-4 bt_bb_align_left bt_bb_vertical_align_top bt_bb_padding_normal\"  data-width=\"4\" data-bt-override-class=\"{}\"><div class=\"bt_bb_column_content\"><div data-bb-version=\"5.3.6\" class=\"bt_bb_image bt_bb_shape_square bt_bb_target_self bt_bb_align_inherit bt_bb_hover_style_simple bt_bb_content_display_always bt_bb_content_align_middle bt_bb_fill_background_color_full\" data-bt-override-class=\"{&quot;bt_bb_align_&quot;:{&quot;current_class&quot;:&quot;bt_bb_align_inherit&quot;,&quot;xxl&quot;:&quot;inherit&quot;},&quot;bt_bb_content_display_&quot;:{&quot;current_class&quot;:&quot;bt_bb_content_display_always&quot;,&quot;xxl&quot;:&quot;always&quot;},&quot;bt_bb_animation_&quot;:{&quot;current_class&quot;:&quot;bt_bb_animation_no_animation&quot;,&quot;xxl&quot;:&quot;no_animation&quot;}}\"><span><img loading=\"lazy\" decoding=\"async\" width=\"1901\" height=\"679\" src=\"https:\/\/mconsulting.tn\/wp-content\/uploads\/2026\/04\/Plan-de-travail-1.png\" class=\"attachment-full size-full\" alt=\"https:\/\/mconsulting.tn\/wp-content\/uploads\/2026\/04\/Plan-de-travail-1.png\" data-full_image_src=\"https:\/\/mconsulting.tn\/wp-content\/uploads\/2026\/04\/Plan-de-travail-1.png\" title=\"Plan de travail 1\" \/><\/span><\/div><div data-bb-version=\"5.3.6\" class=\"bt_bb_separator\" data-bt-override-class=\"null\"><\/div><div data-bb-version=\"5.3.6\"  class=\"bt_bb_text\" ><\/p>\n<p class=\"ds-markdown-paragraph\"><strong>SIRY : Plateforme SIRH tunisienne tout-en-un pour la gestion RH centralis\u00e9e<\/strong><\/p>\n<p class=\"ds-markdown-paragraph\">SIRY est une solution SIRH 100% tunisienne, d\u00e9velopp\u00e9e avec l&rsquo;implication directe de professionnels RH locaux (DRH, responsables formation, responsables RH). Elle centralise l&rsquo;ensemble de la gestion des ressources humaines pour les entreprises tunisiennes.<\/p>\n<p class=\"ds-markdown-paragraph\"><strong>Points cl\u00e9s :<\/strong><\/p>\n<ul>\n<li>\n<p class=\"ds-markdown-paragraph\">Centralisation compl\u00e8te des donn\u00e9es RH (fini les tableaux Excel dispers\u00e9s)<\/p>\n<\/li>\n<li>\n<p class=\"ds-markdown-paragraph\">Automatisation des t\u00e2ches administratives r\u00e9p\u00e9titives (cong\u00e9s, gestion du personnel, paie)<\/p>\n<\/li>\n<li>\n<p class=\"ds-markdown-paragraph\">Tableaux de bord RH avec int\u00e9gration de l&rsquo;IA pour une prise d&rsquo;information en temps r\u00e9el<\/p>\n<\/li>\n<li>\n<p class=\"ds-markdown-paragraph\">Gestion des performances, suivi des cong\u00e9s et gestion du personnel fluidifi\u00e9s<\/p>\n<\/li>\n<li>\n<p class=\"ds-markdown-paragraph\">Adapt\u00e9e aux sp\u00e9cificit\u00e9s des PME tunisiennes (contrairement aux SIRH rigides et trop chers)<\/p>\n<\/li>\n<\/ul>\n<p>\n<\/div><div data-bb-version=\"5.3.6\" class=\"bt_bb_separator\" data-bt-override-class=\"null\"><\/div><div data-bb-version=\"5.3.6\" class=\"bt_bb_button bt_bb_icon_position_left bt_bb_style_outline bt_bb_size_small bt_bb_width_inline bt_bb_shape_inherit bt_bb_target_self bt_bb_text_transform_inherit bt_bb_align_center\" data-bt-override-class=\"{&quot;bt_bb_size_&quot;:{&quot;current_class&quot;:&quot;bt_bb_size_small&quot;,&quot;xxl&quot;:&quot;small&quot;},&quot;bt_bb_align_&quot;:{&quot;current_class&quot;:&quot;bt_bb_align_center&quot;,&quot;xxl&quot;:&quot;center&quot;},&quot;bt_bb_animation_&quot;:{&quot;current_class&quot;:&quot;bt_bb_animation_no_animation&quot;,&quot;xxl&quot;:&quot;no_animation&quot;}}\"><a href=\"https:\/\/siryrh.com\/#hero\" target=\"_self\" class=\"bt_bb_link\" title=\"Explorer SIRY \"><span class=\"bt_bb_button_text\" >Explorer SIRY <\/span><span  data-ico-fontawesome=\"&#xf061;\" class=\"bt_bb_icon_holder\"><\/span><\/a><\/div><\/div><\/div><\/div><\/div><div data-bb-version=\"5.3.6\" class=\"bt_bb_row \"  data-bt-override-class=\"{}\"><div class=\"bt_bb_row_holder\" ><div data-bb-version=\"5.3.6\"  class=\"bt_bb_column col-xl-12 col-xs-12 col-sm-12 col-md-12 col-lg-12 bt_bb_align_left bt_bb_vertical_align_top bt_bb_padding_normal\"  data-width=\"12\" data-bt-override-class=\"{}\"><div class=\"bt_bb_column_content\"><\/div><\/div><\/div><\/div><div data-bb-version=\"5.3.6\" class=\"bt_bb_row \"  data-bt-override-class=\"{}\"><div class=\"bt_bb_row_holder\" ><div data-bb-version=\"5.3.6\"  class=\"bt_bb_column col-xl-12 col-xs-12 col-sm-12 col-md-12 col-lg-12 bt_bb_align_left bt_bb_vertical_align_top bt_bb_padding_normal\"  data-width=\"12\" data-bt-override-class=\"{}\"><div class=\"bt_bb_column_content\"><\/div><\/div><\/div><\/div><div data-bb-version=\"5.3.6\" class=\"bt_bb_row \"  data-bt-override-class=\"{}\"><div class=\"bt_bb_row_holder\" ><div data-bb-version=\"5.3.6\"  class=\"bt_bb_column col-xl-12 col-xs-12 col-sm-12 col-md-12 col-lg-12 bt_bb_align_left bt_bb_vertical_align_top bt_bb_padding_normal\"  data-width=\"12\" data-bt-override-class=\"{}\"><div class=\"bt_bb_column_content\"><\/div><\/div><\/div><\/div><div data-bb-version=\"5.3.6\" class=\"bt_bb_row \"  data-bt-override-class=\"{}\"><div class=\"bt_bb_row_holder\" ><div data-bb-version=\"5.3.6\"  class=\"bt_bb_column col-xl-12 col-xs-12 col-sm-12 col-md-12 col-lg-12 bt_bb_align_left bt_bb_vertical_align_top bt_bb_padding_normal\"  data-width=\"12\" data-bt-override-class=\"{}\"><div class=\"bt_bb_column_content\"><\/div><\/div><\/div><\/div><div data-bb-version=\"5.3.6\" class=\"bt_bb_row \"  data-bt-override-class=\"{}\"><div class=\"bt_bb_row_holder\" ><div data-bb-version=\"5.3.6\"  class=\"bt_bb_column col-xl-12 col-xs-12 col-sm-12 col-md-12 col-lg-12 bt_bb_align_left bt_bb_vertical_align_top bt_bb_padding_normal\"  data-width=\"12\" data-bt-override-class=\"{}\"><div class=\"bt_bb_column_content\"><\/div><\/div><\/div><\/div><\/div><\/div><\/div><\/section>\n","protected":false},"excerpt":{"rendered":"","protected":false},"author":2,"featured_media":305,"parent":0,"menu_order":0,"comment_status":"closed","ping_status":"closed","template":"","meta":{"footnotes":""},"class_list":["post-3283","page","type-page","status-publish","has-post-thumbnail","hentry"],"_links":{"self":[{"href":"https:\/\/mconsulting.tn\/index.php?rest_route=\/wp\/v2\/pages\/3283","targetHints":{"allow":["GET"]}}],"collection":[{"href":"https:\/\/mconsulting.tn\/index.php?rest_route=\/wp\/v2\/pages"}],"about":[{"href":"https:\/\/mconsulting.tn\/index.php?rest_route=\/wp\/v2\/types\/page"}],"author":[{"embeddable":true,"href":"https:\/\/mconsulting.tn\/index.php?rest_route=\/wp\/v2\/users\/2"}],"replies":[{"embeddable":true,"href":"https:\/\/mconsulting.tn\/index.php?rest_route=%2Fwp%2Fv2%2Fcomments&post=3283"}],"version-history":[{"count":16,"href":"https:\/\/mconsulting.tn\/index.php?rest_route=\/wp\/v2\/pages\/3283\/revisions"}],"predecessor-version":[{"id":3306,"href":"https:\/\/mconsulting.tn\/index.php?rest_route=\/wp\/v2\/pages\/3283\/revisions\/3306"}],"wp:featuredmedia":[{"embeddable":true,"href":"https:\/\/mconsulting.tn\/index.php?rest_route=\/wp\/v2\/media\/305"}],"wp:attachment":[{"href":"https:\/\/mconsulting.tn\/index.php?rest_route=%2Fwp%2Fv2%2Fmedia&parent=3283"}],"curies":[{"name":"wp","href":"https:\/\/api.w.org\/{rel}","templated":true}]}}